{"id":221,"date":"2026-04-27T12:03:49","date_gmt":"2026-04-27T12:03:49","guid":{"rendered":"https:\/\/creatiasoftware.es\/Boqueron\/?page_id=221"},"modified":"2026-04-28T08:08:16","modified_gmt":"2026-04-28T08:08:16","slug":"nuestros-vinos","status":"publish","type":"page","link":"https:\/\/creatiasoftware.es\/Boqueron\/index.php\/nuestros-vinos\/","title":{"rendered":"Nuestros Vinos"},"content":{"rendered":"<p>[et_pb_section fb_built=\u00bb1&#8243; _builder_version=\u00bb4.27.5&#8243; _module_preset=\u00bbdefault\u00bb use_background_color_gradient=\u00bbon\u00bb background_color_gradient_direction=\u00bb116deg\u00bb background_color_gradient_stops=\u00bb#b6a18a 1%|#e7ddd0 33%|rgba(231,221,208,0.22) 100%\u00bb background_color_gradient_overlays_image=\u00bbon\u00bb background_image=\u00bbhttps:\/\/creatiasoftware.es\/Boqueron\/wp-content\/uploads\/2026\/04\/vinos_2.jpg\u00bb background_position=\u00bbbottom_left\u00bb background_vertical_offset=\u00bb-1%\u00bb custom_padding=\u00bb150px||150px||true|false\u00bb global_colors_info=\u00bb{}\u00bb][et_pb_row _builder_version=\u00bb4.27.5&#8243; _module_preset=\u00bbdefault\u00bb global_colors_info=\u00bb{}\u00bb][et_pb_column type=\u00bb4_4&#8243; _builder_version=\u00bb4.27.5&#8243; _module_preset=\u00bbdefault\u00bb global_colors_info=\u00bb{}\u00bb][et_pb_text _builder_version=\u00bb4.27.5&#8243; _module_preset=\u00bbdefault\u00bb text_font=\u00bbMontserrat||||||||\u00bb text_font_size=\u00bb18px\u00bb header_2_font=\u00bbMontserrat||||||||\u00bb header_2_text_color=\u00bb#FFFFFF\u00bb header_2_font_size=\u00bb35px\u00bb global_colors_info=\u00bb{}\u00bb]<\/p>\n<h2>Nuestros Vinos<\/h2>\n<p>[\/et_pb_text][\/et_pb_column][\/et_pb_row][\/et_pb_section][et_pb_section fb_built=\u00bb1&#8243; _builder_version=\u00bb4.27.5&#8243; _module_preset=\u00bbdefault\u00bb custom_padding=\u00bb80px||80px||true|false\u00bb global_colors_info=\u00bb{}\u00bb][et_pb_row _builder_version=\u00bb4.27.5&#8243; _module_preset=\u00bbdefault\u00bb width=\u00bb53%\u00bb width_tablet=\u00bb95%\u00bb width_phone=\u00bb95%\u00bb width_last_edited=\u00bbon|tablet\u00bb global_colors_info=\u00bb{}\u00bb][et_pb_column type=\u00bb4_4&#8243; _builder_version=\u00bb4.27.5&#8243; _module_preset=\u00bbdefault\u00bb global_colors_info=\u00bb{}\u00bb][et_pb_tabs active_tab_background_color=\u00bb#b6a18a\u00bb inactive_tab_background_color=\u00bb#f4f4f4&#8243; active_tab_text_color=\u00bb#FFFFFF\u00bb _builder_version=\u00bb4.27.5&#8243; _module_preset=\u00bbdefault\u00bb tab_text_color=\u00bb#b6a18a\u00bb tab_font=\u00bbMontserrat||||||||\u00bb background_color=\u00bb#f7f7f7&#8243; hover_enabled=\u00bb0&#8243; border_radii=\u00bbon|30px|30px|30px|30px\u00bb border_color_all=\u00bbrgba(182,161,138,0.32)\u00bb global_colors_info=\u00bb{}\u00bb sticky_enabled=\u00bb0&#8243;][et_pb_tab title=\u00bbTintos Ribera del Duero\u00bb _builder_version=\u00bb4.27.5&#8243; _module_preset=\u00bbdefault\u00bb hover_enabled=\u00bb0&#8243; global_colors_info=\u00bb{}\u00bb sticky_enabled=\u00bb0&#8243;][et_pb_section global_module=\"289\"][\/et_pb_section][\/et_pb_tab][et_pb_tab title=\u00bbTintos Denominaci\u00f3n Rioja\u00bb _builder_version=\u00bb4.27.5&#8243; _module_preset=\u00bbdefault\u00bb hover_enabled=\u00bb0&#8243; global_colors_info=\u00bb{}\u00bb sticky_enabled=\u00bb0&#8243;][et_pb_section global_module=\"290\"][\/et_pb_section][\/et_pb_tab][et_pb_tab title=\u00bbTintos otras Denominaciones\u00bb _builder_version=\u00bb4.27.5&#8243; _module_preset=\u00bbdefault\u00bb hover_enabled=\u00bb0&#8243; global_colors_info=\u00bb{}\u00bb sticky_enabled=\u00bb0&#8243;][et_pb_section global_module=\"291\"][\/et_pb_section][\/et_pb_tab][et_pb_tab title=\u00bbBlancos\u00bb _builder_version=\u00bb4.27.5&#8243; _module_preset=\u00bbdefault\u00bb hover_enabled=\u00bb0&#8243; global_colors_info=\u00bb{}\u00bb sticky_enabled=\u00bb0&#8243;][et_pb_section global_module=\"293\"][\/et_pb_section][\/et_pb_tab][\/et_pb_tabs][\/et_pb_column][\/et_pb_row][\/et_pb_section]<\/p>\n","protected":false},"excerpt":{"rendered":"<p>Nuestros Vinos<div class=\"et_pb_module dsm_pricelist dsm_pricelist_0\">\n\t\t\t\t\n\t\t\t\t\n\t\t\t\t\n\t\t\t\t\n\t\t\t\t\n\t\t\t\t\n\t\t\t\t<div class=\"et_pb_module_inner\">\n\t\t\t\t\t<div class=\"dsm_pricelist\"><div class=\"dsm_pricelist_child dsm_pricelist_child_0\">\n\t\t\t\t\n\t\t\t\t\n\t\t\t\t\n\t\t\t\t\n\t\t\t\t\n\t\t\t\t\n\t\t\t\t<div class=\"et_pb_module_inner\">\n\t\t\t\t\t\n\t\t\t\n\t\t\t\n\t\t\t<div class=\"dsm_pricelist_item_wrapper\">\n\t\t\t\t<div class=\"dsm-pricelist-header\">\n\t\t\t\t\t<div class=\"dsm-pricelist-title et_pb_module_header\">RIETOS ROBLE<\/div>\n\t\t\t\t\t<div class=\"dsm-pricelist-separator\"><\/div>\n\t\t\t\t\t<div class=\"dsm-pricelist-price\">15,00\u20ac<\/div>\n\t\t\t\t<\/div>\n\t\t\t\t<div class=\"dsm-pricelist-description\"><p>B. De Los R\u00edos Prieto - Tempranillo<\/p><\/div>\n\t\t\t\t\n\t\t\t<\/div>\n\t\t\t\t<\/div>\n\t\t\t<\/div><div class=\"dsm_pricelist_child dsm_pricelist_child_1\">\n\t\t\t\t\n\t\t\t\t\n\t\t\t\t\n\t\t\t\t\n\t\t\t\t\n\t\t\t\t\n\t\t\t\t<div class=\"et_pb_module_inner\">\n\t\t\t\t\t\n\t\t\t\n\t\t\t\n\t\t\t<div class=\"dsm_pricelist_item_wrapper\">\n\t\t\t\t<div class=\"dsm-pricelist-header\">\n\t\t\t\t\t<div class=\"dsm-pricelist-title et_pb_module_header\">CARRAMIMBRE ROBLE<\/div>\n\t\t\t\t\t<div class=\"dsm-pricelist-separator\"><\/div>\n\t\t\t\t\t<div class=\"dsm-pricelist-price\">18,00\u20ac<\/div>\n\t\t\t\t<\/div>\n\t\t\t\t<div class=\"dsm-pricelist-description\">B. Carramimbre - Tempranillo y cabernet sauvignon<\/div>\n\t\t\t\t\n\t\t\t<\/div>\n\t\t\t\t<\/div>\n\t\t\t<\/div><div class=\"dsm_pricelist_child dsm_pricelist_child_2\">\n\t\t\t\t\n\t\t\t\t\n\t\t\t\t\n\t\t\t\t\n\t\t\t\t\n\t\t\t\t\n\t\t\t\t<div class=\"et_pb_module_inner\">\n\t\t\t\t\t\n\t\t\t\n\t\t\t\n\t\t\t<div class=\"dsm_pricelist_item_wrapper\">\n\t\t\t\t<div class=\"dsm-pricelist-header\">\n\t\t\t\t\t<div class=\"dsm-pricelist-title et_pb_module_header\">RIOS MAXIMUS ROBLE<\/div>\n\t\t\t\t\t<div class=\"dsm-pricelist-separator\"><\/div>\n\t\t\t\t\t<div class=\"dsm-pricelist-price\">16,00\u20ac<\/div>\n\t\t\t\t<\/div>\n\t\t\t\t<div class=\"dsm-pricelist-description\">B. De Los R\u00edos Prieto - Tempranillo<\/div>\n\t\t\t\t\n\t\t\t<\/div>\n\t\t\t\t<\/div>\n\t\t\t<\/div><div class=\"dsm_pricelist_child dsm_pricelist_child_3\">\n\t\t\t\t\n\t\t\t\t\n\t\t\t\t\n\t\t\t\t\n\t\t\t\t\n\t\t\t\t\n\t\t\t\t<div class=\"et_pb_module_inner\">\n\t\t\t\t\t\n\t\t\t\n\t\t\t\n\t\t\t<div class=\"dsm_pricelist_item_wrapper\">\n\t\t\t\t<div class=\"dsm-pricelist-header\">\n\t\t\t\t\t<div class=\"dsm-pricelist-title et_pb_module_header\">FINCA RESALSO <\/div>\n\t\t\t\t\t<div class=\"dsm-pricelist-separator\"><\/div>\n\t\t\t\t\t<div class=\"dsm-pricelist-price\">19,00\u20ac<\/div>\n\t\t\t\t<\/div>\n\t\t\t\t<div class=\"dsm-pricelist-description\">B. Emilio Moro - Tempranillo<\/div>\n\t\t\t\t\n\t\t\t<\/div>\n\t\t\t\t<\/div>\n\t\t\t<\/div><div class=\"dsm_pricelist_child dsm_pricelist_child_4\">\n\t\t\t\t\n\t\t\t\t\n\t\t\t\t\n\t\t\t\t\n\t\t\t\t\n\t\t\t\t\n\t\t\t\t<div class=\"et_pb_module_inner\">\n\t\t\t\t\t\n\t\t\t\n\t\t\t\n\t\t\t<div class=\"dsm_pricelist_item_wrapper\">\n\t\t\t\t<div class=\"dsm-pricelist-header\">\n\t\t\t\t\t<div class=\"dsm-pricelist-title et_pb_module_header\">RA\u00cdZ DE GUZM\u00c1N 9 meses <\/div>\n\t\t\t\t\t<div class=\"dsm-pricelist-separator\"><\/div>\n\t\t\t\t\t<div class=\"dsm-pricelist-price\">18,00\u20ac<\/div>\n\t\t\t\t<\/div>\n\t\t\t\t<div class=\"dsm-pricelist-description\">B. Ra\u00edz de Guzm\u00e1n - Tempranillo<\/div>\n\t\t\t\t\n\t\t\t<\/div>\n\t\t\t\t<\/div>\n\t\t\t<\/div><div class=\"dsm_pricelist_child dsm_pricelist_child_5\">\n\t\t\t\t\n\t\t\t\t\n\t\t\t\t\n\t\t\t\t\n\t\t\t\t\n\t\t\t\t\n\t\t\t\t<div class=\"et_pb_module_inner\">\n\t\t\t\t\t\n\t\t\t\n\t\t\t\n\t\t\t<div class=\"dsm_pricelist_item_wrapper\">\n\t\t\t\t<div class=\"dsm-pricelist-header\">\n\t\t\t\t\t<div class=\"dsm-pricelist-title et_pb_module_header\">CARMELO RODERO 9 meses<\/div>\n\t\t\t\t\t<div class=\"dsm-pricelist-separator\"><\/div>\n\t\t\t\t\t<div class=\"dsm-pricelist-price\">20,00\u20ac<\/div>\n\t\t\t\t<\/div>\n\t\t\t\t<div class=\"dsm-pricelist-description\"><p>B. Rodero - Tempranillo<\/p><\/div>\n\t\t\t\t\n\t\t\t<\/div>\n\t\t\t\t<\/div>\n\t\t\t<\/div><div class=\"dsm_pricelist_child dsm_pricelist_child_6\">\n\t\t\t\t\n\t\t\t\t\n\t\t\t\t\n\t\t\t\t\n\t\t\t\t\n\t\t\t\t\n\t\t\t\t<div class=\"et_pb_module_inner\">\n\t\t\t\t\t\n\t\t\t\n\t\t\t\n\t\t\t<div class=\"dsm_pricelist_item_wrapper\">\n\t\t\t\t<div class=\"dsm-pricelist-header\">\n\t\t\t\t\t<div class=\"dsm-pricelist-title et_pb_module_header\">PRIOS MAXIMUS CRIANZA<\/div>\n\t\t\t\t\t<div class=\"dsm-pricelist-separator\"><\/div>\n\t\t\t\t\t<div class=\"dsm-pricelist-price\">21,00\u20ac<\/div>\n\t\t\t\t<\/div>\n\t\t\t\t<div class=\"dsm-pricelist-description\"><p>B. De Los R\u00edos Prieto - Tempranillo<\/p><\/div>\n\t\t\t\t\n\t\t\t<\/div>\n\t\t\t\t<\/div>\n\t\t\t<\/div><div class=\"dsm_pricelist_child dsm_pricelist_child_7\">\n\t\t\t\t\n\t\t\t\t\n\t\t\t\t\n\t\t\t\t\n\t\t\t\t\n\t\t\t\t\n\t\t\t\t<div class=\"et_pb_module_inner\">\n\t\t\t\t\t\n\t\t\t\n\t\t\t\n\t\t\t<div class=\"dsm_pricelist_item_wrapper\">\n\t\t\t\t<div class=\"dsm-pricelist-header\">\n\t\t\t\t\t<div class=\"dsm-pricelist-title et_pb_module_header\">PRIOS MAXIMUS RESERVA <\/div>\n\t\t\t\t\t<div class=\"dsm-pricelist-separator\"><\/div>\n\t\t\t\t\t<div class=\"dsm-pricelist-price\">26,00\u20ac<\/div>\n\t\t\t\t<\/div>\n\t\t\t\t<div class=\"dsm-pricelist-description\"><p>B. De Los R\u00edos Prieto - Tempranillo<\/p><\/div>\n\t\t\t\t\n\t\t\t<\/div>\n\t\t\t\t<\/div>\n\t\t\t<\/div><div class=\"dsm_pricelist_child dsm_pricelist_child_8\">\n\t\t\t\t\n\t\t\t\t\n\t\t\t\t\n\t\t\t\t\n\t\t\t\t\n\t\t\t\t\n\t\t\t\t<div class=\"et_pb_module_inner\">\n\t\t\t\t\t\n\t\t\t\n\t\t\t\n\t\t\t<div class=\"dsm_pricelist_item_wrapper\">\n\t\t\t\t<div class=\"dsm-pricelist-header\">\n\t\t\t\t\t<div class=\"dsm-pricelist-title et_pb_module_header\">L\u00d3PEZ CRIST\u00d3BAL CRIANZA<\/div>\n\t\t\t\t\t<div class=\"dsm-pricelist-separator\"><\/div>\n\t\t\t\t\t<div class=\"dsm-pricelist-price\">24,00\u20ac<\/div>\n\t\t\t\t<\/div>\n\t\t\t\t<div class=\"dsm-pricelist-description\"><p>B. L\u00f3pez Crist\u00f3bal - Tinta del Pa\u00eds y merlot<\/p><\/div>\n\t\t\t\t\n\t\t\t<\/div>\n\t\t\t\t<\/div>\n\t\t\t<\/div><div class=\"dsm_pricelist_child dsm_pricelist_child_9\">\n\t\t\t\t\n\t\t\t\t\n\t\t\t\t\n\t\t\t\t\n\t\t\t\t\n\t\t\t\t\n\t\t\t\t<div class=\"et_pb_module_inner\">\n\t\t\t\t\t\n\t\t\t\n\t\t\t\n\t\t\t<div class=\"dsm_pricelist_item_wrapper\">\n\t\t\t\t<div class=\"dsm-pricelist-header\">\n\t\t\t\t\t<div class=\"dsm-pricelist-title et_pb_module_header\">EMILIO MORO<\/div>\n\t\t\t\t\t<div class=\"dsm-pricelist-separator\"><\/div>\n\t\t\t\t\t<div class=\"dsm-pricelist-price\">28,00\u20ac<\/div>\n\t\t\t\t<\/div>\n\t\t\t\t<div class=\"dsm-pricelist-description\"><p>B. Emilio Moro - Tempranillo<\/p><\/div>\n\t\t\t\t\n\t\t\t<\/div>\n\t\t\t\t<\/div>\n\t\t\t<\/div><div class=\"dsm_pricelist_child dsm_pricelist_child_10\">\n\t\t\t\t\n\t\t\t\t\n\t\t\t\t\n\t\t\t\t\n\t\t\t\t\n\t\t\t\t\n\t\t\t\t<div class=\"et_pb_module_inner\">\n\t\t\t\t\t\n\t\t\t\n\t\t\t\n\t\t\t<div class=\"dsm_pricelist_item_wrapper\">\n\t\t\t\t<div class=\"dsm-pricelist-header\">\n\t\t\t\t\t<div class=\"dsm-pricelist-title et_pb_module_header\">PAGO DE CARRAOVEJAS<\/div>\n\t\t\t\t\t<div class=\"dsm-pricelist-separator\"><\/div>\n\t\t\t\t\t<div class=\"dsm-pricelist-price\">40,00\u20ac<\/div>\n\t\t\t\t<\/div>\n\t\t\t\t<div class=\"dsm-pricelist-description\"><p>B. Pago de Carraovejas - Tinto fino, cabernet sauvignon y merlot<\/p><\/div>\n\t\t\t\t\n\t\t\t<\/div>\n\t\t\t\t<\/div>\n\t\t\t<\/div><\/div>\n\t\t\t\t<\/div>\n\t\t\t<\/div><div class=\"et_pb_module dsm_pricelist dsm_pricelist_1\">\n\t\t\t\t\n\t\t\t\t\n\t\t\t\t\n\t\t\t\t\n\t\t\t\t\n\t\t\t\t\n\t\t\t\t<div class=\"et_pb_module_inner\">\n\t\t\t\t\t<div class=\"dsm_pricelist\"><div class=\"dsm_pricelist_child dsm_pricelist_child_11\">\n\t\t\t\t\n\t\t\t\t\n\t\t\t\t\n\t\t\t\t\n\t\t\t\t\n\t\t\t\t\n\t\t\t\t<div class=\"et_pb_module_inner\">\n\t\t\t\t\t\n\t\t\t\n\t\t\t\n\t\t\t<div class=\"dsm_pricelist_item_wrapper\">\n\t\t\t\t<div class=\"dsm-pricelist-header\">\n\t\t\t\t\t<div class=\"dsm-pricelist-title et_pb_module_header\">IZADI <\/div>\n\t\t\t\t\t<div class=\"dsm-pricelist-separator\"><\/div>\n\t\t\t\t\t<div class=\"dsm-pricelist-price\">19,00\u20ac<\/div>\n\t\t\t\t<\/div>\n\t\t\t\t<div class=\"dsm-pricelist-description\"><p>B. Izadi - Tempranillo<\/p><\/div>\n\t\t\t\t\n\t\t\t<\/div>\n\t\t\t\t<\/div>\n\t\t\t<\/div><div class=\"dsm_pricelist_child dsm_pricelist_child_12\">\n\t\t\t\t\n\t\t\t\t\n\t\t\t\t\n\t\t\t\t\n\t\t\t\t\n\t\t\t\t\n\t\t\t\t<div class=\"et_pb_module_inner\">\n\t\t\t\t\t\n\t\t\t\n\t\t\t\n\t\t\t<div class=\"dsm_pricelist_item_wrapper\">\n\t\t\t\t<div class=\"dsm-pricelist-header\">\n\t\t\t\t\t<div class=\"dsm-pricelist-title et_pb_module_header\">FINCA SAN MARTIN<\/div>\n\t\t\t\t\t<div class=\"dsm-pricelist-separator\"><\/div>\n\t\t\t\t\t<div class=\"dsm-pricelist-price\">16,00\u20ac<\/div>\n\t\t\t\t<\/div>\n\t\t\t\t<div class=\"dsm-pricelist-description\">B. Torre O\u00f1a (La Rioja Alta S.A.) - Tempranillo, mazuelo, garnacha y viura<\/div>\n\t\t\t\t\n\t\t\t<\/div>\n\t\t\t\t<\/div>\n\t\t\t<\/div><div class=\"dsm_pricelist_child dsm_pricelist_child_13\">\n\t\t\t\t\n\t\t\t\t\n\t\t\t\t\n\t\t\t\t\n\t\t\t\t\n\t\t\t\t\n\t\t\t\t<div class=\"et_pb_module_inner\">\n\t\t\t\t\t\n\t\t\t\n\t\t\t\n\t\t\t<div class=\"dsm_pricelist_item_wrapper\">\n\t\t\t\t<div class=\"dsm-pricelist-header\">\n\t\t\t\t\t<div class=\"dsm-pricelist-title et_pb_module_header\">LUIS CA\u00d1AS<\/div>\n\t\t\t\t\t<div class=\"dsm-pricelist-separator\"><\/div>\n\t\t\t\t\t<div class=\"dsm-pricelist-price\">19,00\u20ac<\/div>\n\t\t\t\t<\/div>\n\t\t\t\t<div class=\"dsm-pricelist-description\"><p>B. Luis Ca\u00f1as - Garnacha y tempranillo<\/p><\/div>\n\t\t\t\t\n\t\t\t<\/div>\n\t\t\t\t<\/div>\n\t\t\t<\/div><div class=\"dsm_pricelist_child dsm_pricelist_child_14\">\n\t\t\t\t\n\t\t\t\t\n\t\t\t\t\n\t\t\t\t\n\t\t\t\t\n\t\t\t\t\n\t\t\t\t<div class=\"et_pb_module_inner\">\n\t\t\t\t\t\n\t\t\t\n\t\t\t\n\t\t\t<div class=\"dsm_pricelist_item_wrapper\">\n\t\t\t\t<div class=\"dsm-pricelist-header\">\n\t\t\t\t\t<div class=\"dsm-pricelist-title et_pb_module_header\">ARTUKE PIES NEGROS<\/div>\n\t\t\t\t\t<div class=\"dsm-pricelist-separator\"><\/div>\n\t\t\t\t\t<div class=\"dsm-pricelist-price\">21,00\u20ac<\/div>\n\t\t\t\t<\/div>\n\t\t\t\t<div class=\"dsm-pricelist-description\"><p>B. Artuke - Garnacha y tempranillo<\/p><\/div>\n\t\t\t\t\n\t\t\t<\/div>\n\t\t\t\t<\/div>\n\t\t\t<\/div><div class=\"dsm_pricelist_child dsm_pricelist_child_15\">\n\t\t\t\t\n\t\t\t\t\n\t\t\t\t\n\t\t\t\t\n\t\t\t\t\n\t\t\t\t\n\t\t\t\t<div class=\"et_pb_module_inner\">\n\t\t\t\t\t\n\t\t\t\n\t\t\t\n\t\t\t<div class=\"dsm_pricelist_item_wrapper\">\n\t\t\t\t<div class=\"dsm-pricelist-header\">\n\t\t\t\t\t<div class=\"dsm-pricelist-title et_pb_module_header\">MUGA <\/div>\n\t\t\t\t\t<div class=\"dsm-pricelist-separator\"><\/div>\n\t\t\t\t\t<div class=\"dsm-pricelist-price\">26,00\u20ac<\/div>\n\t\t\t\t<\/div>\n\t\t\t\t<div class=\"dsm-pricelist-description\"><p>B. Muga - Tempranillo, garnacha tinta, mazuelo y graciano<\/p><\/div>\n\t\t\t\t\n\t\t\t<\/div>\n\t\t\t\t<\/div>\n\t\t\t<\/div><\/div>\n\t\t\t\t<\/div>\n\t\t\t<\/div><div class=\"et_pb_module dsm_pricelist dsm_pricelist_2\">\n\t\t\t\t\n\t\t\t\t\n\t\t\t\t\n\t\t\t\t\n\t\t\t\t\n\t\t\t\t\n\t\t\t\t<div class=\"et_pb_module_inner\">\n\t\t\t\t\t<div class=\"dsm_pricelist\"><div class=\"dsm_pricelist_child dsm_pricelist_child_16\">\n\t\t\t\t\n\t\t\t\t\n\t\t\t\t\n\t\t\t\t\n\t\t\t\t\n\t\t\t\t\n\t\t\t\t<div class=\"et_pb_module_inner\">\n\t\t\t\t\t\n\t\t\t\n\t\t\t\n\t\t\t<div class=\"dsm_pricelist_item_wrapper\">\n\t\t\t\t<div class=\"dsm-pricelist-header\">\n\t\t\t\t\t<div class=\"dsm-pricelist-title et_pb_module_header\">VT Extremadura HABLA DEL SILENCIO <\/div>\n\t\t\t\t\t<div class=\"dsm-pricelist-separator\"><\/div>\n\t\t\t\t\t<div class=\"dsm-pricelist-price\">19,00\u20ac<\/div>\n\t\t\t\t<\/div>\n\t\t\t\t<div class=\"dsm-pricelist-description\"><p>B. Habla - Cabernet suavignon, syrah y tempranillo<\/p><\/div>\n\t\t\t\t\n\t\t\t<\/div>\n\t\t\t\t<\/div>\n\t\t\t<\/div><div class=\"dsm_pricelist_child dsm_pricelist_child_17\">\n\t\t\t\t\n\t\t\t\t\n\t\t\t\t\n\t\t\t\t\n\t\t\t\t\n\t\t\t\t\n\t\t\t\t<div class=\"et_pb_module_inner\">\n\t\t\t\t\t\n\t\t\t\n\t\t\t\n\t\t\t<div class=\"dsm_pricelist_item_wrapper\">\n\t\t\t\t<div class=\"dsm-pricelist-header\">\n\t\t\t\t\t<div class=\"dsm-pricelist-title et_pb_module_header\">DO Toro FLOR DE VETUS<\/div>\n\t\t\t\t\t<div class=\"dsm-pricelist-separator\"><\/div>\n\t\t\t\t\t<div class=\"dsm-pricelist-price\">17,00\u20ac<\/div>\n\t\t\t\t<\/div>\n\t\t\t\t<div class=\"dsm-pricelist-description\"><p>B. Vetus - Tinta de Toro<\/p><\/div>\n\t\t\t\t\n\t\t\t<\/div>\n\t\t\t\t<\/div>\n\t\t\t<\/div><div class=\"dsm_pricelist_child dsm_pricelist_child_18\">\n\t\t\t\t\n\t\t\t\t\n\t\t\t\t\n\t\t\t\t\n\t\t\t\t\n\t\t\t\t\n\t\t\t\t<div class=\"et_pb_module_inner\">\n\t\t\t\t\t\n\t\t\t\n\t\t\t\n\t\t\t<div class=\"dsm_pricelist_item_wrapper\">\n\t\t\t\t<div class=\"dsm-pricelist-header\">\n\t\t\t\t\t<div class=\"dsm-pricelist-title et_pb_module_header\">Vino de Pago MV by DEHESA DEL CARRIZAL<\/div>\n\t\t\t\t\t<div class=\"dsm-pricelist-separator\"><\/div>\n\t\t\t\t\t<div class=\"dsm-pricelist-price\">18,00\u20ac<\/div>\n\t\t\t\t<\/div>\n\t\t\t\t<div class=\"dsm-pricelist-description\"><p>Pago Dehesa del Carrizal - Syrah, merlot, cabernet sauvignon y otras<\/p><\/div>\n\t\t\t\t\n\t\t\t<\/div>\n\t\t\t\t<\/div>\n\t\t\t<\/div><div class=\"dsm_pricelist_child dsm_pricelist_child_19\">\n\t\t\t\t\n\t\t\t\t\n\t\t\t\t\n\t\t\t\t\n\t\t\t\t\n\t\t\t\t\n\t\t\t\t<div class=\"et_pb_module_inner\">\n\t\t\t\t\t\n\t\t\t\n\t\t\t\n\t\t\t<div class=\"dsm_pricelist_item_wrapper\">\n\t\t\t\t<div class=\"dsm-pricelist-header\">\n\t\t\t\t\t<div class=\"dsm-pricelist-title et_pb_module_header\">VT Ribera del Queiles GARNACHA SALVAJE DEL MONCAYO <\/div>\n\t\t\t\t\t<div class=\"dsm-pricelist-separator\"><\/div>\n\t\t\t\t\t<div class=\"dsm-pricelist-price\">16,00\u20ac<\/div>\n\t\t\t\t<\/div>\n\t\t\t\t<div class=\"dsm-pricelist-description\"><p>Proyecto Garnachas de Espa\u00f1a - Garnacha tinta<\/p><\/div>\n\t\t\t\t\n\t\t\t<\/div>\n\t\t\t\t<\/div>\n\t\t\t<\/div><\/div>\n\t\t\t\t<\/div>\n\t\t\t<\/div><div class=\"et_pb_module dsm_pricelist dsm_pricelist_3\">\n\t\t\t\t\n\t\t\t\t\n\t\t\t\t\n\t\t\t\t\n\t\t\t\t\n\t\t\t\t\n\t\t\t\t<div class=\"et_pb_module_inner\">\n\t\t\t\t\t<div class=\"dsm_pricelist\"><div class=\"dsm_pricelist_child dsm_pricelist_child_20\">\n\t\t\t\t\n\t\t\t\t\n\t\t\t\t\n\t\t\t\t\n\t\t\t\t\n\t\t\t\t\n\t\t\t\t<div class=\"et_pb_module_inner\">\n\t\t\t\t\t\n\t\t\t\n\t\t\t\n\t\t\t<div class=\"dsm_pricelist_item_wrapper\">\n\t\t\t\t<div class=\"dsm-pricelist-header\">\n\t\t\t\t\t<div class=\"dsm-pricelist-title et_pb_module_header\">MELIOR de MATARROMERA <\/div>\n\t\t\t\t\t<div class=\"dsm-pricelist-separator\"><\/div>\n\t\t\t\t\t<div class=\"dsm-pricelist-price\">16,00\u20ac<\/div>\n\t\t\t\t<\/div>\n\t\t\t\t<div class=\"dsm-pricelist-description\"><p>B. Matarromera - D.O. Rueda<\/p><\/div>\n\t\t\t\t\n\t\t\t<\/div>\n\t\t\t\t<\/div>\n\t\t\t<\/div><div class=\"dsm_pricelist_child dsm_pricelist_child_21\">\n\t\t\t\t\n\t\t\t\t\n\t\t\t\t\n\t\t\t\t\n\t\t\t\t\n\t\t\t\t\n\t\t\t\t<div class=\"et_pb_module_inner\">\n\t\t\t\t\t\n\t\t\t\n\t\t\t\n\t\t\t<div class=\"dsm_pricelist_item_wrapper\">\n\t\t\t\t<div class=\"dsm-pricelist-header\">\n\t\t\t\t\t<div class=\"dsm-pricelist-title et_pb_module_header\">Albari\u00f1o COSTA DAS DORNAS <\/div>\n\t\t\t\t\t<div class=\"dsm-pricelist-separator\"><\/div>\n\t\t\t\t\t<div class=\"dsm-pricelist-price\">15,00\u20ac<\/div>\n\t\t\t\t<\/div>\n\t\t\t\t<div class=\"dsm-pricelist-description\"><p>B. Villanueva<\/p><\/div>\n\t\t\t\t\n\t\t\t<\/div>\n\t\t\t\t<\/div>\n\t\t\t<\/div><div class=\"dsm_pricelist_child dsm_pricelist_child_22\">\n\t\t\t\t\n\t\t\t\t\n\t\t\t\t\n\t\t\t\t\n\t\t\t\t\n\t\t\t\t\n\t\t\t\t<div class=\"et_pb_module_inner\">\n\t\t\t\t\t\n\t\t\t\n\t\t\t\n\t\t\t<div class=\"dsm_pricelist_item_wrapper\">\n\t\t\t\t<div class=\"dsm-pricelist-header\">\n\t\t\t\t\t<div class=\"dsm-pricelist-title et_pb_module_header\">Verdejo JOS\u00c9 PARIENTE<\/div>\n\t\t\t\t\t<div class=\"dsm-pricelist-separator\"><\/div>\n\t\t\t\t\t<div class=\"dsm-pricelist-price\">19,00\u20ac<\/div>\n\t\t\t\t<\/div>\n\t\t\t\t<div class=\"dsm-pricelist-description\"><p>B. Jos\u00e9 Pariente - D.O. Rueda<\/p><\/div>\n\t\t\t\t\n\t\t\t<\/div>\n\t\t\t\t<\/div>\n\t\t\t<\/div><div class=\"dsm_pricelist_child dsm_pricelist_child_23\">\n\t\t\t\t\n\t\t\t\t\n\t\t\t\t\n\t\t\t\t\n\t\t\t\t\n\t\t\t\t\n\t\t\t\t<div class=\"et_pb_module_inner\">\n\t\t\t\t\t\n\t\t\t\n\t\t\t\n\t\t\t<div class=\"dsm_pricelist_item_wrapper\">\n\t\t\t\t<div class=\"dsm-pricelist-header\">\n\t\t\t\t\t<div class=\"dsm-pricelist-title et_pb_module_header\">Albari\u00f1o PAZO AS BARREIRAS ALBARI\u00d1O <\/div>\n\t\t\t\t\t<div class=\"dsm-pricelist-separator\"><\/div>\n\t\t\t\t\t<div class=\"dsm-pricelist-price\">17,00\u20ac<\/div>\n\t\t\t\t<\/div>\n\t\t\t\t<div class=\"dsm-pricelist-description\"><p>B. Villanueva - D.O. R\u00edas Baixas<\/p><\/div>\n\t\t\t\t\n\t\t\t<\/div>\n\t\t\t\t<\/div>\n\t\t\t<\/div><div class=\"dsm_pricelist_child dsm_pricelist_child_24\">\n\t\t\t\t\n\t\t\t\t\n\t\t\t\t\n\t\t\t\t\n\t\t\t\t\n\t\t\t\t\n\t\t\t\t<div class=\"et_pb_module_inner\">\n\t\t\t\t\t\n\t\t\t\n\t\t\t\n\t\t\t<div class=\"dsm_pricelist_item_wrapper\">\n\t\t\t\t<div class=\"dsm-pricelist-header\">\n\t\t\t\t\t<div class=\"dsm-pricelist-title et_pb_module_header\">Godello PAZO AS BARREIRAS GODELLO <\/div>\n\t\t\t\t\t<div class=\"dsm-pricelist-separator\"><\/div>\n\t\t\t\t\t<div class=\"dsm-pricelist-price\">16,00\u20ac<\/div>\n\t\t\t\t<\/div>\n\t\t\t\t<div class=\"dsm-pricelist-description\"><p>B. Villanueva - D.O. Ribeiro<\/p><\/div>\n\t\t\t\t\n\t\t\t<\/div>\n\t\t\t\t<\/div>\n\t\t\t<\/div><\/div>\n\t\t\t\t<\/div>\n\t\t\t<\/div><\/p>\n","protected":false},"author":1,"featured_media":0,"parent":0,"menu_order":0,"comment_status":"closed","ping_status":"closed","template":"","meta":{"_et_pb_use_builder":"on","_et_pb_old_content":"","_et_gb_content_width":"","footnotes":""},"class_list":["post-221","page","type-page","status-publish","hentry"],"_links":{"self":[{"href":"https:\/\/creatiasoftware.es\/Boqueron\/index.php\/wp-json\/wp\/v2\/pages\/221","targetHints":{"allow":["GET"]}}],"collection":[{"href":"https:\/\/creatiasoftware.es\/Boqueron\/index.php\/wp-json\/wp\/v2\/pages"}],"about":[{"href":"https:\/\/creatiasoftware.es\/Boqueron\/index.php\/wp-json\/wp\/v2\/types\/page"}],"author":[{"embeddable":true,"href":"https:\/\/creatiasoftware.es\/Boqueron\/index.php\/wp-json\/wp\/v2\/users\/1"}],"replies":[{"embeddable":true,"href":"https:\/\/creatiasoftware.es\/Boqueron\/index.php\/wp-json\/wp\/v2\/comments?post=221"}],"version-history":[{"count":9,"href":"https:\/\/creatiasoftware.es\/Boqueron\/index.php\/wp-json\/wp\/v2\/pages\/221\/revisions"}],"predecessor-version":[{"id":294,"href":"https:\/\/creatiasoftware.es\/Boqueron\/index.php\/wp-json\/wp\/v2\/pages\/221\/revisions\/294"}],"wp:attachment":[{"href":"https:\/\/creatiasoftware.es\/Boqueron\/index.php\/wp-json\/wp\/v2\/media?parent=221"}],"curies":[{"name":"wp","href":"https:\/\/api.w.org\/{rel}","templated":true}]}}